{"id":1292,"date":"2024-10-25T09:40:26","date_gmt":"2024-10-25T07:40:26","guid":{"rendered":"https:\/\/www.astermagonia.com\/?page_id=1292"},"modified":"2025-10-16T10:13:56","modified_gmt":"2025-10-16T08:13:56","slug":"entradas","status":"publish","type":"page","link":"https:\/\/www.astermagonia.com\/en\/entradas\/","title":{"rendered":"Entradas"},"content":{"rendered":"\t\t<div data-elementor-type=\"wp-page\" data-elementor-id=\"1292\" class=\"elementor elementor-1292\" data-elementor-post-type=\"page\">\n\t\t\t\t<div class=\"elementor-element elementor-element-e1ea786 e-flex e-con-boxed e-con e-parent\" data-id=\"e1ea786\" data-element_type=\"container\" data-e-type=\"container\">\n\t\t\t\t\t<div class=\"e-con-inner\">\n\t\t\t\t<div class=\"elementor-element elementor-element-fa14c0f premium-title-clipped elementor-invisible elementor-widget elementor-widget-premium-addon-title\" data-id=\"fa14c0f\" data-element_type=\"widget\" data-e-type=\"widget\" data-settings=\"{&quot;_animation&quot;:&quot;zoomIn&quot;}\" data-widget_type=\"premium-addon-title.default\">\n\t\t\t\t<div class=\"elementor-widget-container\">\n\t\t\t\t\t\n\t\t<div class=\"premium-title-wrapper\">\n\t\t\t<div class=\"premium-title-container style7\">\n\t\t\t\t<h1 class=\"premium-title-header premium-title-style7 premium-con-lq__\">\n\t\t\t\t\t\t\t\t\t\t\t\t\t\t\t\t\t\t<span class=\"premium-title-style7-stripe-wrap\">\n\t\t\t\t\t\t\t\t<span class=\"premium-title-style7-stripe\"><\/span>\n\t\t\t\t\t\t\t<\/span>\n\t\t\t\t\t\t\t\t\t\t\t\t<div class=\"premium-title-style7-inner\">\n\t\t\t\t\t\n\t\t\t\t\t\n\t\t\t\t\t\t\t\t\t\t\t\t\t\t\t\t\t\t\t\t\t\t\t\t\t\t<span class=\"premium-title-text\">\n\t\t\t\t\t\tEntradas\t\t\t\t\t<\/span>\n\t\t\t\t\t\t\n\t\t\t\t\t\t\t\t\t\t\t<\/div>\n\t\t\t\t\t\t\t\t\t\t\n\t\t\t\t\t\t\t\t\t<\/h1>\n\n\t\t\t<\/div>\n\n\t\t\t\t\t<\/div>\n\n\t\t\t\t\t\t<\/div>\n\t\t\t\t<\/div>\n\t\t\t\t<div class=\"elementor-element elementor-element-888ef43 elementor-widget elementor-widget-heading\" data-id=\"888ef43\" data-element_type=\"widget\" data-e-type=\"widget\" data-widget_type=\"heading.default\">\n\t\t\t\t<div class=\"elementor-widget-container\">\n\t\t\t\t\t<h3 class=\"elementor-heading-title elementor-size-default\">P\u00e1gina Oficial Venta de Entradas\n<br><br>\nCastillo de la Mota y Palacio Real Testamentario<\/h3>\t\t\t\t<\/div>\n\t\t\t\t<\/div>\n\t\t\t\t<div class=\"elementor-element elementor-element-dbcff32 elementor-widget elementor-widget-text-editor\" data-id=\"dbcff32\" data-element_type=\"widget\" data-e-type=\"widget\" data-widget_type=\"text-editor.default\">\n\t\t\t\t<div class=\"elementor-widget-container\">\n\t\t\t\t\t\t\t\t\t<p>MEDINA DEL CAMPO (VALLADOLID)<\/p>\t\t\t\t\t\t\t\t<\/div>\n\t\t\t\t<\/div>\n\t\t\t\t\t<\/div>\n\t\t\t\t<\/div>\n\t\t<div class=\"elementor-element elementor-element-33e4fc2 e-flex e-con-boxed e-con e-parent\" data-id=\"33e4fc2\" data-element_type=\"container\" data-e-type=\"container\">\n\t\t\t\t\t<div class=\"e-con-inner\">\n\t\t<div class=\"elementor-element elementor-element-41259b2 e-con-full e-flex e-con e-child\" data-id=\"41259b2\" data-element_type=\"container\" data-e-type=\"container\" data-settings=\"{&quot;background_background&quot;:&quot;classic&quot;}\">\n\t\t<div class=\"elementor-element elementor-element-50b48a6 e-con-full e-flex e-con e-child\" data-id=\"50b48a6\" data-element_type=\"container\" data-e-type=\"container\" data-settings=\"{&quot;background_background&quot;:&quot;classic&quot;}\">\n\t\t\t\t<div class=\"elementor-element elementor-element-9f07674 elementor-widget elementor-widget-heading\" data-id=\"9f07674\" data-element_type=\"widget\" data-e-type=\"widget\" data-widget_type=\"heading.default\">\n\t\t\t\t<div class=\"elementor-widget-container\">\n\t\t\t\t\t<h2 class=\"elementor-heading-title elementor-size-default\">Entradas individuales<\/h2>\t\t\t\t<\/div>\n\t\t\t\t<\/div>\n\t\t\t\t<div class=\"elementor-element elementor-element-727279d elementor-widget elementor-widget-text-editor\" data-id=\"727279d\" data-element_type=\"widget\" data-e-type=\"widget\" data-widget_type=\"text-editor.default\">\n\t\t\t\t<div class=\"elementor-widget-container\">\n\t\t\t\t\t\t\t\t\t<p>Para visitas guiadas individuales<\/p>\t\t\t\t\t\t\t\t<\/div>\n\t\t\t\t<\/div>\n\t\t\t\t<div class=\"elementor-element elementor-element-6dc705e elementor-align-center elementor-widget elementor-widget-button\" data-id=\"6dc705e\" data-element_type=\"widget\" data-e-type=\"widget\" data-widget_type=\"button.default\">\n\t\t\t\t<div class=\"elementor-widget-container\">\n\t\t\t\t\t\t\t\t\t<div class=\"elementor-button-wrapper\">\n\t\t\t\t\t<a class=\"elementor-button elementor-button-link elementor-size-sm\" href=\"https:\/\/www.astermagonia.com\/compra-tus-entradas\/\">\n\t\t\t\t\t\t<span class=\"elementor-button-content-wrapper\">\n\t\t\t\t\t\t\t\t\t<span class=\"elementor-button-text\">Compra tus entradas aqu\u00ed<\/span>\n\t\t\t\t\t<\/span>\n\t\t\t\t\t<\/a>\n\t\t\t\t<\/div>\n\t\t\t\t\t\t\t\t<\/div>\n\t\t\t\t<\/div>\n\t\t\t\t<div class=\"elementor-element elementor-element-fe18066 elementor-widget elementor-widget-text-editor\" data-id=\"fe18066\" data-element_type=\"widget\" data-e-type=\"widget\" data-widget_type=\"text-editor.default\">\n\t\t\t\t<div class=\"elementor-widget-container\">\n\t\t\t\t\t\t\t\t\t<p><em>Entradas disponibles para las pr\u00f3ximas semanas. Si desea visitarnos en una fecha u hora que no aparece en el listado no dude en ponerse en contacto con nosotros <a href=\"https:\/\/www.castillodelamota.es\/contacto-y-reservas\/\" target=\"_blank\" rel=\"noopener\">aqu\u00ed<\/a>.\u00a0<\/em><\/p>\t\t\t\t\t\t\t\t<\/div>\n\t\t\t\t<\/div>\n\t\t\t\t<\/div>\n\t\t\t\t<\/div>\n\t\t<div class=\"elementor-element elementor-element-03dec43 e-con-full e-flex e-con e-child\" data-id=\"03dec43\" data-element_type=\"container\" data-e-type=\"container\" data-settings=\"{&quot;background_background&quot;:&quot;classic&quot;}\">\n\t\t<div class=\"elementor-element elementor-element-40f2476 e-con-full e-flex e-con e-child\" data-id=\"40f2476\" data-element_type=\"container\" data-e-type=\"container\" data-settings=\"{&quot;background_background&quot;:&quot;classic&quot;}\">\n\t\t\t\t<div class=\"elementor-element elementor-element-1e7ac14 elementor-widget elementor-widget-heading\" data-id=\"1e7ac14\" data-element_type=\"widget\" data-e-type=\"widget\" data-widget_type=\"heading.default\">\n\t\t\t\t<div class=\"elementor-widget-container\">\n\t\t\t\t\t<h2 class=\"elementor-heading-title elementor-size-default\">Entradas para grupos<\/h2>\t\t\t\t<\/div>\n\t\t\t\t<\/div>\n\t\t\t\t<div class=\"elementor-element elementor-element-6c36ca4 elementor-widget elementor-widget-text-editor\" data-id=\"6c36ca4\" data-element_type=\"widget\" data-e-type=\"widget\" data-widget_type=\"text-editor.default\">\n\t\t\t\t<div class=\"elementor-widget-container\">\n\t\t\t\t\t\t\t\t\t<p>Para visitas en grupo de m\u00e1s de 20 personas, por favor env\u00edanos tu solicitud a trav\u00e9s de este formulario.<\/p>\t\t\t\t\t\t\t\t<\/div>\n\t\t\t\t<\/div>\n\t\t\t\t<div class=\"elementor-element elementor-element-6606feb elementor-button-align-start elementor-widget elementor-widget-form\" data-id=\"6606feb\" data-element_type=\"widget\" data-e-type=\"widget\" data-settings=\"{&quot;step_next_label&quot;:&quot;Siguiente&quot;,&quot;step_previous_label&quot;:&quot;Anterior&quot;,&quot;button_width&quot;:&quot;100&quot;,&quot;step_type&quot;:&quot;number_text&quot;,&quot;step_icon_shape&quot;:&quot;circle&quot;}\" data-widget_type=\"form.default\">\n\t\t\t\t<div class=\"elementor-widget-container\">\n\t\t\t\t\t\t\t<form class=\"elementor-form\" method=\"post\" name=\"Entradas para grupos\" aria-label=\"Entradas para grupos\">\n\t\t\t<input type=\"hidden\" name=\"post_id\" value=\"1292\"\/>\n\t\t\t<input type=\"hidden\" name=\"form_id\" value=\"6606feb\"\/>\n\t\t\t<input type=\"hidden\" name=\"referer_title\" value=\"Entradas\" \/>\n\n\t\t\t\t\t\t\t<input type=\"hidden\" name=\"queried_id\" value=\"1292\"\/>\n\t\t\t\n\t\t\t<div class=\"elementor-form-fields-wrapper elementor-labels-\">\n\t\t\t\t\t\t\t\t<div class=\"elementor-field-type-text elementor-field-group elementor-column elementor-field-group-name elementor-col-50 elementor-field-required\">\n\t\t\t\t\t\t\t\t\t\t\t\t\t<input size=\"1\" type=\"text\" name=\"form_fields[name]\" id=\"form-field-name\" class=\"elementor-field elementor-size-sm  elementor-field-textual\" placeholder=\"Nombre*\" required=\"required\">\n\t\t\t\t\t\t\t\t\t\t\t<\/div>\n\t\t\t\t\t\t\t\t<div class=\"elementor-field-type-tel elementor-field-group elementor-column elementor-field-group-field_9d8059d elementor-col-50 elementor-field-required\">\n\t\t\t\t\t\t\t<input size=\"1\" type=\"tel\" name=\"form_fields[field_9d8059d]\" id=\"form-field-field_9d8059d\" class=\"elementor-field elementor-size-sm  elementor-field-textual\" placeholder=\"Tel\u00e9fono*\" required=\"required\" pattern=\"[0-9()#&amp;+*-=.]+\" title=\"Solo se aceptan n\u00fameros y caracteres de tel\u00e9fono (#,-,*,etc).\">\n\n\t\t\t\t\t\t<\/div>\n\t\t\t\t\t\t\t\t<div class=\"elementor-field-type-email elementor-field-group elementor-column elementor-field-group-field_92a702a elementor-col-100 elementor-field-required\">\n\t\t\t\t\t\t\t\t\t\t\t\t<label for=\"form-field-field_92a702a\" class=\"elementor-field-label elementor-screen-only\">\n\t\t\t\t\t\t\t\temail\t\t\t\t\t\t\t<\/label>\n\t\t\t\t\t\t\t\t\t\t\t\t\t\t<input size=\"1\" type=\"email\" name=\"form_fields[field_92a702a]\" id=\"form-field-field_92a702a\" class=\"elementor-field elementor-size-sm  elementor-field-textual\" placeholder=\"Correo electr\u00f3nico*\" required=\"required\">\n\t\t\t\t\t\t\t\t\t\t\t<\/div>\n\t\t\t\t\t\t\t\t<div class=\"elementor-field-type-date elementor-field-group elementor-column elementor-field-group-email elementor-col-66 elementor-field-required\">\n\t\t\t\t\t\n\t\t<input type=\"date\" name=\"form_fields[email]\" id=\"form-field-email\" class=\"elementor-field elementor-size-sm  elementor-field-textual elementor-date-field\" placeholder=\"Fecha de la Visita\" required=\"required\" pattern=\"[0-9]{4}-[0-9]{2}-[0-9]{2}\">\n\t\t\t\t\t\t<\/div>\n\t\t\t\t\t\t\t\t<div class=\"elementor-field-type-number elementor-field-group elementor-column elementor-field-group-field_e0bda04 elementor-col-33 elementor-field-required\">\n\t\t\t\t\t\t\t\t<input type=\"number\" name=\"form_fields[field_e0bda04]\" id=\"form-field-field_e0bda04\" class=\"elementor-field elementor-size-sm  elementor-field-textual\" placeholder=\"N\u00famero de entradas*\" required=\"required\" min=\"\" max=\"\" >\n\t\t\t\t\t\t<\/div>\n\t\t\t\t\t\t\t\t<div class=\"elementor-field-type-checkbox elementor-field-group elementor-column elementor-field-group-field_879fc06 elementor-col-100\">\n\t\t\t\t\t\t\t\t\t\t\t\t<label for=\"form-field-field_879fc06\" class=\"elementor-field-label elementor-screen-only\">\n\t\t\t\t\t\t\t\tMonumentos que deseo visitar:\t\t\t\t\t\t\t<\/label>\n\t\t\t\t\t\t<div class=\"elementor-field-subgroup  \"><span class=\"elementor-field-option\"><input type=\"checkbox\" value=\"Castillo de La Mota\" id=\"form-field-field_879fc06-0\" name=\"form_fields[field_879fc06][]\"> <label for=\"form-field-field_879fc06-0\">Castillo de La Mota<\/label><\/span><span class=\"elementor-field-option\"><input type=\"checkbox\" value=\"Palacio Real Testamentario\" id=\"form-field-field_879fc06-1\" name=\"form_fields[field_879fc06][]\"> <label for=\"form-field-field_879fc06-1\">Palacio Real Testamentario<\/label><\/span><span class=\"elementor-field-option\"><input type=\"checkbox\" value=\"Colegiata de San Antol\u00edn\" id=\"form-field-field_879fc06-2\" name=\"form_fields[field_879fc06][]\"> <label for=\"form-field-field_879fc06-2\">Colegiata de San Antol\u00edn<\/label><\/span><\/div>\t\t\t\t<\/div>\n\t\t\t\t\t\t\t\t<div class=\"elementor-field-type-textarea elementor-field-group elementor-column elementor-field-group-message elementor-col-100\">\n\t\t\t\t\t<textarea class=\"elementor-field-textual elementor-field  elementor-size-sm\" name=\"form_fields[message]\" id=\"form-field-message\" rows=\"2\" placeholder=\"Observaciones\"><\/textarea>\t\t\t\t<\/div>\n\t\t\t\t\t\t\t\t<div class=\"elementor-field-type-recaptcha_v3 elementor-field-group elementor-column elementor-field-group-field_dc18970 elementor-col-100 recaptcha_v3-bottomright\">\n\t\t\t\t\t<div class=\"elementor-field\" id=\"form-field-field_dc18970\"><div class=\"elementor-g-recaptcha\" data-sitekey=\"6Ld5RDYqAAAAABE83Yy1_65byJq2eQqZeZ65lVCg\" data-type=\"v3\" data-action=\"Form\" data-badge=\"bottomright\" data-size=\"invisible\"><\/div><\/div>\t\t\t\t<\/div>\n\t\t\t\t\t\t\t\t<div class=\"elementor-field-type-acceptance elementor-field-group elementor-column elementor-field-group-field_1189697 elementor-col-100 elementor-field-required\">\n\t\t\t\t\t\t\t<div class=\"elementor-field-subgroup\">\n\t\t\t<span class=\"elementor-field-option\">\n\t\t\t\t<input type=\"checkbox\" name=\"form_fields[field_1189697]\" id=\"form-field-field_1189697\" class=\"elementor-field elementor-size-sm  elementor-acceptance-field\" required=\"required\">\n\t\t\t\t<label for=\"form-field-field_1189697\"><span style=\"color: #;\">He le\u00eddo y acepto la <a style=\"color: #fff;\" href=\"https:\/\/www.astermagonia.com\/politica-de-privacidad\">pol\u00edtica de privacidad<\/a> y el tratamiento de mis datos con la finalidad de recibir la informaci\u00f3n solicitada *<\/label>\t\t\t<\/span>\n\t\t<\/div>\n\t\t\t\t\t\t<\/div>\n\t\t\t\t\t\t\t\t<div class=\"elementor-field-group elementor-column elementor-field-type-submit elementor-col-100 e-form__buttons\">\n\t\t\t\t\t<button class=\"elementor-button elementor-size-sm\" type=\"submit\">\n\t\t\t\t\t\t<span class=\"elementor-button-content-wrapper\">\n\t\t\t\t\t\t\t\t\t\t\t\t\t\t\t\t\t\t\t\t\t\t<span class=\"elementor-button-text\">Enviar solicitud<\/span>\n\t\t\t\t\t\t\t\t\t\t\t\t\t<\/span>\n\t\t\t\t\t<\/button>\n\t\t\t\t<\/div>\n\t\t\t<\/div>\n\t\t<\/form>\n\t\t\t\t\t\t<\/div>\n\t\t\t\t<\/div>\n\t\t\t\t<div data-tooltip-id=\"63a881b\" data-tooltip_settings=\"{&quot;type&quot;:&quot;text&quot;,&quot;content&quot;:&quot;&quot;,&quot;minWidth&quot;:{&quot;desktop&quot;:0,&quot;mobile&quot;:0,&quot;tablet&quot;:0},&quot;maxWidth&quot;:{&quot;desktop&quot;:385,&quot;mobile&quot;:null,&quot;tablet&quot;:null},&quot;zindex&quot;:&quot;&quot;,&quot;target&quot;:&quot;&quot;,&quot;anime&quot;:&quot;fade&quot;,&quot;trigger&quot;:&quot;hover&quot;,&quot;side&quot;:&quot;top,bottom&quot;,&quot;arrow&quot;:false,&quot;distance&quot;:6,&quot;duration&quot;:350,&quot;delay&quot;:10,&quot;hideOn&quot;:[],&quot;elemID&quot;:&quot;63a881b&quot;,&quot;follow_mouse&quot;:false}\" class=\"elementor-element elementor-element-63a881b premium-global-tooltips-yes elementor-widget elementor-widget-text-editor\" data-id=\"63a881b\" data-element_type=\"widget\" data-e-type=\"widget\" data-widget_type=\"text-editor.default\">\n\t\t\t\t\t\t<div class=\"premium-gtooltips-temp premium-global-tooltips-wrapper-temp-63a881b\" style=\"display: none;\">\n\t\t\t\t\t<div id=\"tooltip_content-63a881b\" class=\"premium-global-tooltip-content premium-tooltip-content-wrapper-63a881b\">\n\t\t\t\t\t\t\t\t\t\t\t\t\t\t\t<span class=\"premium-tootltip-text\">\n\t\t\t\t\t\t\t\t\tResponsable del tratamiento: ASTER MAGONIA SLL\nFinalidad: Enviarte informaci\u00f3n relacionada con tu solicitud de informaci\u00f3n.\nLegitimaci\u00f3n: Consentimiento\nCesiones de datos y transferencias: No se realizan cesiones, salvo a los proveedores de servicios de alojamiento de los servidores ubicados dentro de la UE.\nDerechos: Podr\u00e1s ejercer los derechos de acceso, rectificaci\u00f3n, limitaci\u00f3n, oposici\u00f3n, portabilidad, o retirar el consentimiento enviando un email a INFO@ASTERMAGONIA.COM SLL\nM\u00e1s informaci\u00f3n: Consulta nuestra Pol\u00edtica de Privacidad para m\u00e1s informaci\u00f3n.\t\t\t\t\t\t\t\t\t<\/span>\n\t\t\t\t\t\t\t\t\t\t\t\t\t\t<\/div>\n\t\t\t\t<\/div>\n\t\t\t\t\t<div class=\"elementor-widget-container\">\n\t\t\t\t\t\t\t\t\t<p>Ver datos Responsable del tratamiento &gt;<\/p>\t\t\t\t\t\t\t\t<\/div>\n\t\t\t\t<\/div>\n\t\t\t\t<\/div>\n\t\t\t\t<\/div>\n\t\t\t\t\t<\/div>\n\t\t\t\t<\/div>\n\t\t\t\t<\/div>\n\t\t","protected":false},"excerpt":{"rendered":"<p>Entradas P\u00e1gina Oficial Venta de Entradas Castillo de la Mota y Palacio Real Testamentario MEDINA DEL CAMPO (VALLADOLID) Entradas individuales Para visitas guiadas individuales Compra tus entradas aqu\u00ed Entradas disponibles para las pr\u00f3ximas semanas. Si desea visitarnos en una fecha u hora que no aparece en el listado no dude en ponerse en contacto con [&hellip;]<\/p>\n","protected":false},"author":1,"featured_media":0,"parent":0,"menu_order":0,"comment_status":"closed","ping_status":"closed","template":"","meta":{"footnotes":""},"class_list":["post-1292","page","type-page","status-publish","hentry"],"_links":{"self":[{"href":"https:\/\/www.astermagonia.com\/en\/wp-json\/wp\/v2\/pages\/1292","targetHints":{"allow":["GET"]}}],"collection":[{"href":"https:\/\/www.astermagonia.com\/en\/wp-json\/wp\/v2\/pages"}],"about":[{"href":"https:\/\/www.astermagonia.com\/en\/wp-json\/wp\/v2\/types\/page"}],"author":[{"embeddable":true,"href":"https:\/\/www.astermagonia.com\/en\/wp-json\/wp\/v2\/users\/1"}],"replies":[{"embeddable":true,"href":"https:\/\/www.astermagonia.com\/en\/wp-json\/wp\/v2\/comments?post=1292"}],"version-history":[{"count":55,"href":"https:\/\/www.astermagonia.com\/en\/wp-json\/wp\/v2\/pages\/1292\/revisions"}],"predecessor-version":[{"id":6482,"href":"https:\/\/www.astermagonia.com\/en\/wp-json\/wp\/v2\/pages\/1292\/revisions\/6482"}],"wp:attachment":[{"href":"https:\/\/www.astermagonia.com\/en\/wp-json\/wp\/v2\/media?parent=1292"}],"curies":[{"name":"wp","href":"https:\/\/api.w.org\/{rel}","templated":true}]}}