{"id":31,"date":"2024-08-01T11:53:09","date_gmt":"2024-08-01T09:53:09","guid":{"rendered":"https:\/\/www.astermagonia.com\/?page_id=31"},"modified":"2024-10-10T11:57:20","modified_gmt":"2024-10-10T09:57:20","slug":"mundo-magonia","status":"publish","type":"page","link":"https:\/\/www.astermagonia.com\/en\/mundo-magonia\/","title":{"rendered":"Mundo Magonia"},"content":{"rendered":"<div data-elementor-type=\"wp-page\" data-elementor-id=\"31\" class=\"elementor elementor-31\" data-elementor-post-type=\"page\">\n\t\t\t\t<div class=\"elementor-element elementor-element-82d9f0d e-flex e-con-boxed e-con e-parent\" data-id=\"82d9f0d\" data-element_type=\"container\" data-e-type=\"container\" data-settings=\"{&quot;background_background&quot;:&quot;classic&quot;}\">\n\t\t\t\t\t<div class=\"e-con-inner\">\n\t\t<div class=\"elementor-element elementor-element-7753c90 e-con-full e-flex e-con e-child\" data-id=\"7753c90\" data-element_type=\"container\" data-e-type=\"container\">\n\t\t\t\t<div class=\"elementor-element elementor-element-58cb235 premium-title-clipped elementor-invisible elementor-widget elementor-widget-premium-addon-title\" data-id=\"58cb235\" data-element_type=\"widget\" data-e-type=\"widget\" data-settings=\"{&quot;_animation&quot;:&quot;fadeInUp&quot;}\" data-widget_type=\"premium-addon-title.default\">\n\t\t\t\t<div class=\"elementor-widget-container\">\n\t\t\t\t\t\n\t\t<div class=\"premium-title-wrapper\">\n\t\t\t<div class=\"premium-title-container style7\">\n\t\t\t\t<h1 class=\"premium-title-header premium-title-style7 premium-con-lq__\">\n\t\t\t\t\t\t\t\t\t\t\t\t\t\t\t\t\t\t<span class=\"premium-title-style7-stripe-wrap\">\n\t\t\t\t\t\t\t\t<span class=\"premium-title-style7-stripe\"><\/span>\n\t\t\t\t\t\t\t<\/span>\n\t\t\t\t\t\t\t\t\t\t\t\t<div class=\"premium-title-style7-inner\">\n\t\t\t\t\t\n\t\t\t\t\t\n\t\t\t\t\t\t\t\t\t\t\t\t\t\t\t\t\t\t\t\t\t\t\t\t\t\t<span class=\"premium-title-text\">\n\t\t\t\t\t\tMundo Magonia\t\t\t\t\t<\/span>\n\t\t\t\t\t\t\n\t\t\t\t\t\t\t\t\t\t\t<\/div>\n\t\t\t\t\t\t\t\t\t\t\n\t\t\t\t\t\t\t\t\t<\/h1>\n\n\t\t\t<\/div>\n\n\t\t\t\t\t<\/div>\n\n\t\t\t\t\t\t<\/div>\n\t\t\t\t<\/div>\n\t\t\t\t<div class=\"elementor-element elementor-element-75527f8 premium-blog-align-left elementor-widget elementor-widget-premium-addon-blog\" data-id=\"75527f8\" data-element_type=\"widget\" data-e-type=\"widget\" data-settings=\"{&quot;premium_blog_columns_number&quot;:&quot;33.33%&quot;,&quot;premium_blog_grid&quot;:&quot;yes&quot;,&quot;premium_blog_layout&quot;:&quot;even&quot;,&quot;premium_blog_columns_number_tablet&quot;:&quot;50%&quot;,&quot;premium_blog_columns_number_mobile&quot;:&quot;100%&quot;}\" data-widget_type=\"premium-addon-blog.default\">\n\t\t\t\t<div class=\"elementor-widget-container\">\n\t\t\t\t\t\n\t\t\n\n\t\t\t\t<div class=\"premium-blog-wrap  premium-blog-even\" data-page=\"31\">\n\t\t\t\t\t\t\t\t\t<div class=\"premium-blog-post-outer-container\" data-total=\"1\">\n\t\t\t<div class=\"premium-blog-post-container premium-blog-skin-classic\">\n\t\t\t\t\t\t\t\t\t<div class=\"premium-blog-thumb-effect-wrapper\">\n\t\t\t\t\t\t<div class=\"premium-blog-thumbnail-container premium-blog-zoomin-effect\">\n\t\t\t\t\t\t\t<img fetchpriority=\"high\" decoding=\"async\" width=\"1000\" height=\"946\" src=\"https:\/\/www.astermagonia.com\/wp-content\/uploads\/2026\/03\/CREAUN1-e1773075885275.jpg\" class=\"attachment-full size-full wp-image-10472\" alt=\"\" srcset=\"https:\/\/www.astermagonia.com\/wp-content\/uploads\/2026\/03\/CREAUN1-e1773075885275.jpg 1000w, https:\/\/www.astermagonia.com\/wp-content\/uploads\/2026\/03\/CREAUN1-e1773075885275-300x284.jpg 300w, https:\/\/www.astermagonia.com\/wp-content\/uploads\/2026\/03\/CREAUN1-e1773075885275-768x727.jpg 768w, https:\/\/www.astermagonia.com\/wp-content\/uploads\/2026\/03\/CREAUN1-e1773075885275-13x12.jpg 13w, https:\/\/www.astermagonia.com\/wp-content\/uploads\/2026\/03\/CREAUN1-e1773075885275-600x568.jpg 600w\" sizes=\"(max-width: 1000px) 100vw, 1000px\" \/>\t\t\t\t\t\t<\/div>\n\t\t\t\t\t\t\t\t\t\t\t\t\t<div class=\"premium-blog-thumbnail-overlay\">\n\t\t\t\t\t\t\t\t<a class=\"elementor-icon\" href=\"https:\/\/www.astermagonia.com\/en\/del-grand-louvre-al-louvre-nouvelle-renaissance\/\" target=\"_self\"><\/a>\n\t\t\t\t\t\t\t<\/div>\n\n\t\t\t\t\t\t\t\t\t\t\t\t\t\t\t\t\t\t<\/div>\n\t\t\t\t\t\t\t\t\t\t\t\t<div class=\"premium-blog-content-wrapper\">\n\n\t\t\t\t\t<div class=\"premium-blog-inner-container\">\n\n\t\t\t\t\t\t\t\t\t\t\t\t\t\t<h2 class=\"premium-blog-entry-title\">\n\t\t\t<a href=\"https:\/\/www.astermagonia.com\/en\/del-grand-louvre-al-louvre-nouvelle-renaissance\/\" target=\"_self\">\n\t\t\t\tDel \u00ab\u00a0GRAND LOUVRE\u00a0\u00bb al \u00ab\u00a0LOUVRE NOUVELLE RENAISSANCE\u00a0\u00bb.\t\t\t<\/a>\n\t\t<\/h2>\n\t\t\t\t<div class=\"premium-blog-entry-meta\">\n\t\t\t\n\t\t\t\n\t\t\t\n\t\t\t\t\t<\/div>\n\t\t\n\t\t\t\t\t<\/div>\n\n\t\t\t\t\t\t\t<div class=\"premium-blog-content-inner-wrapper\">\n\t\t<p class=\"premium-blog-post-content\">El Museo del Louvre siempre es noticia, pero en el \u00faltimo a\u00f1o parece que est\u00e1 ocupando m\u00e1s titulares de lo habitual, anuncio \u2026<\/p>\t\t<\/div>\n\t\t\t\t\t\t\t\n\t\t\t\t<\/div>\n\t\t\t<\/div>\n\t\t<\/div>\n\n\t\t\t\t<div class=\"premium-blog-post-outer-container\" data-total=\"1\">\n\t\t\t<div class=\"premium-blog-post-container premium-blog-skin-classic\">\n\t\t\t\t\t\t\t\t\t<div class=\"premium-blog-thumb-effect-wrapper\">\n\t\t\t\t\t\t<div class=\"premium-blog-thumbnail-container premium-blog-zoomin-effect\">\n\t\t\t\t\t\t\t<img decoding=\"async\" width=\"1920\" height=\"2560\" src=\"https:\/\/www.astermagonia.com\/wp-content\/uploads\/2024\/09\/echando-la-vista-atras-scaled.jpg\" class=\"attachment-full size-full wp-image-680\" alt=\"echando la vista atr\u00e1s\" srcset=\"https:\/\/www.astermagonia.com\/wp-content\/uploads\/2024\/09\/echando-la-vista-atras-scaled.jpg 1920w, https:\/\/www.astermagonia.com\/wp-content\/uploads\/2024\/09\/echando-la-vista-atras-scaled-300x400.jpg 300w, https:\/\/www.astermagonia.com\/wp-content\/uploads\/2024\/09\/echando-la-vista-atras-scaled-600x800.jpg 600w, https:\/\/www.astermagonia.com\/wp-content\/uploads\/2024\/09\/echando-la-vista-atras-225x300.jpg 225w, https:\/\/www.astermagonia.com\/wp-content\/uploads\/2024\/09\/echando-la-vista-atras-768x1024.jpg 768w, https:\/\/www.astermagonia.com\/wp-content\/uploads\/2024\/09\/echando-la-vista-atras-1152x1536.jpg 1152w, https:\/\/www.astermagonia.com\/wp-content\/uploads\/2024\/09\/echando-la-vista-atras-1536x2048.jpg 1536w, https:\/\/www.astermagonia.com\/wp-content\/uploads\/2024\/09\/echando-la-vista-atras-9x12.jpg 9w\" sizes=\"(max-width: 1920px) 100vw, 1920px\" \/>\t\t\t\t\t\t<\/div>\n\t\t\t\t\t\t\t\t\t\t\t\t\t<div class=\"premium-blog-thumbnail-overlay\">\n\t\t\t\t\t\t\t\t<a class=\"elementor-icon\" href=\"https:\/\/www.astermagonia.com\/en\/echando-la-vista-atras\/\" target=\"_self\"><\/a>\n\t\t\t\t\t\t\t<\/div>\n\n\t\t\t\t\t\t\t\t\t\t\t\t\t\t\t\t\t\t<\/div>\n\t\t\t\t\t\t\t\t\t\t\t\t<div class=\"premium-blog-content-wrapper\">\n\n\t\t\t\t\t<div class=\"premium-blog-inner-container\">\n\n\t\t\t\t\t\t\t\t\t\t\t\t\t\t<h2 class=\"premium-blog-entry-title\">\n\t\t\t<a href=\"https:\/\/www.astermagonia.com\/en\/echando-la-vista-atras\/\" target=\"_self\">\n\t\t\t\tEchando la vista atr\u00e1s\t\t\t<\/a>\n\t\t<\/h2>\n\t\t\t\t<div class=\"premium-blog-entry-meta\">\n\t\t\t\n\t\t\t\n\t\t\t\n\t\t\t\t\t<\/div>\n\t\t\n\t\t\t\t\t<\/div>\n\n\t\t\t\t\t\t\t<div class=\"premium-blog-content-inner-wrapper\">\n\t\t<p class=\"premium-blog-post-content\">Museos interactivos, din\u00e1micos y ahora\u2026 \u00a1SOSTENIBLES! Con lo que nos gusta a nosotros viajar en el tiempo, hemos hecho un viaje al \u2026<\/p>\t\t<\/div>\n\t\t\t\t\t\t\t\n\t\t\t\t<\/div>\n\t\t\t<\/div>\n\t\t<\/div>\n\n\t\t\t\t<div class=\"premium-blog-post-outer-container\" data-total=\"1\">\n\t\t\t<div class=\"premium-blog-post-container premium-blog-skin-classic\">\n\t\t\t\t\t\t\t\t\t<div class=\"premium-blog-thumb-effect-wrapper\">\n\t\t\t\t\t\t<div class=\"premium-blog-thumbnail-container premium-blog-zoomin-effect\">\n\t\t\t\t\t\t\t<img decoding=\"async\" width=\"2048\" height=\"1532\" src=\"https:\/\/www.astermagonia.com\/wp-content\/uploads\/2024\/09\/el-poder-de-los-museos-2.jpg\" class=\"attachment-full size-full wp-image-673\" alt=\"el poder de los museos (2)\" srcset=\"https:\/\/www.astermagonia.com\/wp-content\/uploads\/2024\/09\/el-poder-de-los-museos-2.jpg 2048w, https:\/\/www.astermagonia.com\/wp-content\/uploads\/2024\/09\/el-poder-de-los-museos-2-300x224.jpg 300w, https:\/\/www.astermagonia.com\/wp-content\/uploads\/2024\/09\/el-poder-de-los-museos-2-600x449.jpg 600w, https:\/\/www.astermagonia.com\/wp-content\/uploads\/2024\/09\/el-poder-de-los-museos-2-1024x766.jpg 1024w, https:\/\/www.astermagonia.com\/wp-content\/uploads\/2024\/09\/el-poder-de-los-museos-2-768x575.jpg 768w, https:\/\/www.astermagonia.com\/wp-content\/uploads\/2024\/09\/el-poder-de-los-museos-2-1536x1149.jpg 1536w, https:\/\/www.astermagonia.com\/wp-content\/uploads\/2024\/09\/el-poder-de-los-museos-2-16x12.jpg 16w\" sizes=\"(max-width: 2048px) 100vw, 2048px\" \/>\t\t\t\t\t\t<\/div>\n\t\t\t\t\t\t\t\t\t\t\t\t\t<div class=\"premium-blog-thumbnail-overlay\">\n\t\t\t\t\t\t\t\t<a class=\"elementor-icon\" href=\"https:\/\/www.astermagonia.com\/en\/el-poder-de-los-museos-innovacion-accesibilidad\/\" target=\"_self\"><\/a>\n\t\t\t\t\t\t\t<\/div>\n\n\t\t\t\t\t\t\t\t\t\t\t\t\t\t\t\t\t\t<\/div>\n\t\t\t\t\t\t\t\t\t\t\t\t<div class=\"premium-blog-content-wrapper\">\n\n\t\t\t\t\t<div class=\"premium-blog-inner-container\">\n\n\t\t\t\t\t\t\t\t\t\t\t\t\t\t<h2 class=\"premium-blog-entry-title\">\n\t\t\t<a href=\"https:\/\/www.astermagonia.com\/en\/el-poder-de-los-museos-innovacion-accesibilidad\/\" target=\"_self\">\n\t\t\t\tEl poder de los museos: Innovaci\u00f3n + accesibilidad\t\t\t<\/a>\n\t\t<\/h2>\n\t\t\t\t<div class=\"premium-blog-entry-meta\">\n\t\t\t\n\t\t\t\n\t\t\t\n\t\t\t\t\t<\/div>\n\t\t\n\t\t\t\t\t<\/div>\n\n\t\t\t\t\t\t\t<div class=\"premium-blog-content-inner-wrapper\">\n\t\t<p class=\"premium-blog-post-content\">En los \u00faltimos tiempos no es raro o\u00edr hablar de sostenibilidad en el mundo de los museos y del patrimonio en general. \u2026<\/p>\t\t<\/div>\n\t\t\t\t\t\t\t\n\t\t\t\t<\/div>\n\t\t\t<\/div>\n\t\t<\/div>\n\n\t\t\t\t<div class=\"premium-blog-post-outer-container\" data-total=\"1\">\n\t\t\t<div class=\"premium-blog-post-container premium-blog-skin-classic\">\n\t\t\t\t\t\t\t\t\t<div class=\"premium-blog-thumb-effect-wrapper\">\n\t\t\t\t\t\t<div class=\"premium-blog-thumbnail-container premium-blog-zoomin-effect\">\n\t\t\t\t\t\t\t<img loading=\"lazy\" decoding=\"async\" width=\"960\" height=\"720\" src=\"https:\/\/www.astermagonia.com\/wp-content\/uploads\/2024\/09\/Investigacion-y-educacion.jpg\" class=\"attachment-full size-full wp-image-663\" alt=\"Investigaci\u00f3n y educaci\u00f3n\" srcset=\"https:\/\/www.astermagonia.com\/wp-content\/uploads\/2024\/09\/Investigacion-y-educacion.jpg 960w, https:\/\/www.astermagonia.com\/wp-content\/uploads\/2024\/09\/Investigacion-y-educacion-300x225.jpg 300w, https:\/\/www.astermagonia.com\/wp-content\/uploads\/2024\/09\/Investigacion-y-educacion-600x450.jpg 600w, https:\/\/www.astermagonia.com\/wp-content\/uploads\/2024\/09\/Investigacion-y-educacion-768x576.jpg 768w, https:\/\/www.astermagonia.com\/wp-content\/uploads\/2024\/09\/Investigacion-y-educacion-16x12.jpg 16w\" sizes=\"(max-width: 960px) 100vw, 960px\" \/>\t\t\t\t\t\t<\/div>\n\t\t\t\t\t\t\t\t\t\t\t\t\t<div class=\"premium-blog-thumbnail-overlay\">\n\t\t\t\t\t\t\t\t<a class=\"elementor-icon\" href=\"https:\/\/www.astermagonia.com\/en\/investigacion-y-educacion-en-el-patrimonio\/\" target=\"_self\"><\/a>\n\t\t\t\t\t\t\t<\/div>\n\n\t\t\t\t\t\t\t\t\t\t\t\t\t\t\t\t\t\t<\/div>\n\t\t\t\t\t\t\t\t\t\t\t\t<div class=\"premium-blog-content-wrapper\">\n\n\t\t\t\t\t<div class=\"premium-blog-inner-container\">\n\n\t\t\t\t\t\t\t\t\t\t\t\t\t\t<h2 class=\"premium-blog-entry-title\">\n\t\t\t<a href=\"https:\/\/www.astermagonia.com\/en\/investigacion-y-educacion-en-el-patrimonio\/\" target=\"_self\">\n\t\t\t\tInvestigaci\u00f3n y Educaci\u00f3n en el Patrimonio Cultural\t\t\t<\/a>\n\t\t<\/h2>\n\t\t\t\t<div class=\"premium-blog-entry-meta\">\n\t\t\t\n\t\t\t\n\t\t\t\n\t\t\t\t\t<\/div>\n\t\t\n\t\t\t\t\t<\/div>\n\n\t\t\t\t\t\t\t<div class=\"premium-blog-content-inner-wrapper\">\n\t\t<p class=\"premium-blog-post-content\">\u00bfOs hab\u00e9is dado cuenta de lo importante que ha sido, y sigue siendo, el concepto de EDUCACI\u00d3N para el d\u00eda a d\u00eda \u2026<\/p>\t\t<\/div>\n\t\t\t\t\t\t\t\n\t\t\t\t<\/div>\n\t\t\t<\/div>\n\t\t<\/div>\n\n\t\t\t\t<div class=\"premium-blog-post-outer-container\" data-total=\"1\">\n\t\t\t<div class=\"premium-blog-post-container premium-blog-skin-classic\">\n\t\t\t\t\t\t\t\t\t<div class=\"premium-blog-thumb-effect-wrapper\">\n\t\t\t\t\t\t<div class=\"premium-blog-thumbnail-container premium-blog-zoomin-effect\">\n\t\t\t\t\t\t\t<img loading=\"lazy\" decoding=\"async\" width=\"2560\" height=\"1440\" src=\"https:\/\/www.astermagonia.com\/wp-content\/uploads\/2024\/09\/Recuperar-y-reimaginar-4-scaled.jpg\" class=\"attachment-full size-full wp-image-557\" alt=\"Recuperar y reimaginar (4)\" srcset=\"https:\/\/www.astermagonia.com\/wp-content\/uploads\/2024\/09\/Recuperar-y-reimaginar-4-scaled.jpg 2560w, https:\/\/www.astermagonia.com\/wp-content\/uploads\/2024\/09\/Recuperar-y-reimaginar-4-300x169.jpg 300w, https:\/\/www.astermagonia.com\/wp-content\/uploads\/2024\/09\/Recuperar-y-reimaginar-4-scaled-600x338.jpg 600w, https:\/\/www.astermagonia.com\/wp-content\/uploads\/2024\/09\/Recuperar-y-reimaginar-4-1024x576.jpg 1024w, https:\/\/www.astermagonia.com\/wp-content\/uploads\/2024\/09\/Recuperar-y-reimaginar-4-768x432.jpg 768w, https:\/\/www.astermagonia.com\/wp-content\/uploads\/2024\/09\/Recuperar-y-reimaginar-4-1536x864.jpg 1536w, https:\/\/www.astermagonia.com\/wp-content\/uploads\/2024\/09\/Recuperar-y-reimaginar-4-2048x1152.jpg 2048w, https:\/\/www.astermagonia.com\/wp-content\/uploads\/2024\/09\/Recuperar-y-reimaginar-4-18x10.jpg 18w\" sizes=\"(max-width: 2560px) 100vw, 2560px\" \/>\t\t\t\t\t\t<\/div>\n\t\t\t\t\t\t\t\t\t\t\t\t\t<div class=\"premium-blog-thumbnail-overlay\">\n\t\t\t\t\t\t\t\t<a class=\"elementor-icon\" href=\"https:\/\/www.astermagonia.com\/en\/recuperar-y-reimaginar\/\" target=\"_self\"><\/a>\n\t\t\t\t\t\t\t<\/div>\n\n\t\t\t\t\t\t\t\t\t\t\t\t\t\t\t\t\t\t<\/div>\n\t\t\t\t\t\t\t\t\t\t\t\t<div class=\"premium-blog-content-wrapper\">\n\n\t\t\t\t\t<div class=\"premium-blog-inner-container\">\n\n\t\t\t\t\t\t\t\t\t\t\t\t\t\t<h2 class=\"premium-blog-entry-title\">\n\t\t\t<a href=\"https:\/\/www.astermagonia.com\/en\/recuperar-y-reimaginar\/\" target=\"_self\">\n\t\t\t\tRecuperar y Reimaginar\t\t\t<\/a>\n\t\t<\/h2>\n\t\t\t\t<div class=\"premium-blog-entry-meta\">\n\t\t\t\n\t\t\t\n\t\t\t\n\t\t\t\t\t<\/div>\n\t\t\n\t\t\t\t\t<\/div>\n\n\t\t\t\t\t\t\t<div class=\"premium-blog-content-inner-wrapper\">\n\t\t<p class=\"premium-blog-post-content\">El Palacio Real Testamentario como ejemplo de la recuperaci\u00f3n de patrimonio olvidado y reimaginado para la puesta en valor de patrimonio hist\u00f3rico, \u2026<\/p>\t\t<\/div>\n\t\t\t\t\t\t\t\n\t\t\t\t<\/div>\n\t\t\t<\/div>\n\t\t<\/div>\n\n\t\t\t\t\t\t\t<\/div>\n\n\t\t\n\t\t\n\t\t\t\t\t\t<\/div>\n\t\t\t\t<\/div>\n\t\t\t\t<\/div>\n\t\t\t\t\t<\/div>\n\t\t\t\t<\/div>\n\t\t\t\t<\/div>","protected":false},"excerpt":{"rendered":"<p>Mundo Magonia Echando la vista atr\u00e1s Echando la vista atr\u00e1s Museos interactivos, din\u00e1micos y ahora\u2026 \u00a1SOSTENIBLES! Con lo que nos gusta a nosotros viajar en el tiempo, hemos hecho un viaje al \u2026 El poder de los museos: Innovaci\u00f3n + accesibilidad El poder de los museos: Innovaci\u00f3n + accesibilidad En los \u00faltimos tiempos no es [&hellip;]<\/p>\n","protected":false},"author":1,"featured_media":0,"parent":0,"menu_order":0,"comment_status":"closed","ping_status":"closed","template":"","meta":{"footnotes":""},"class_list":["post-31","page","type-page","status-publish","hentry"],"_links":{"self":[{"href":"https:\/\/www.astermagonia.com\/en\/wp-json\/wp\/v2\/pages\/31","targetHints":{"allow":["GET"]}}],"collection":[{"href":"https:\/\/www.astermagonia.com\/en\/wp-json\/wp\/v2\/pages"}],"about":[{"href":"https:\/\/www.astermagonia.com\/en\/wp-json\/wp\/v2\/types\/page"}],"author":[{"embeddable":true,"href":"https:\/\/www.astermagonia.com\/en\/wp-json\/wp\/v2\/users\/1"}],"replies":[{"embeddable":true,"href":"https:\/\/www.astermagonia.com\/en\/wp-json\/wp\/v2\/comments?post=31"}],"version-history":[{"count":70,"href":"https:\/\/www.astermagonia.com\/en\/wp-json\/wp\/v2\/pages\/31\/revisions"}],"predecessor-version":[{"id":1275,"href":"https:\/\/www.astermagonia.com\/en\/wp-json\/wp\/v2\/pages\/31\/revisions\/1275"}],"wp:attachment":[{"href":"https:\/\/www.astermagonia.com\/en\/wp-json\/wp\/v2\/media?parent=31"}],"curies":[{"name":"wp","href":"https:\/\/api.w.org\/{rel}","templated":true}]}}