{"id":1434,"date":"2024-12-08T22:41:33","date_gmt":"2024-12-08T21:41:33","guid":{"rendered":"https:\/\/www.astermagonia.com\/?post_type=product&#038;p=1434"},"modified":"2026-01-08T10:42:03","modified_gmt":"2026-01-08T09:42:03","slug":"visita-guiada-castillo-de-la-mota","status":"publish","type":"product","link":"https:\/\/www.astermagonia.com\/en\/product\/visita-guiada-castillo-de-la-mota\/","title":{"rendered":"Visita Guiada al Castillo de la Mota"},"content":{"rendered":"<p><strong>Informaci\u00f3n de la visita<\/strong><br \/>\nAd\u00e9ntrate en las entra\u00f1as del castillo recorriendo sus galer\u00edas subterr\u00e1neas y descubriendo con los gu\u00edas del castillo las historias de La Mota desde sus or\u00edgenes en la prehistoria hasta los usos actuales del castillo, c\u00f3mo funcionaba y c\u00f3mo se convirti\u00f3 en uno de los mejores parques de artiller\u00eda de la Europa de los siglos XV y XVI.<\/p>\n<p>Estas visitas se realizan de martes a domingo y los lunes festivos. El lunes es el d\u00eda de descanso de las visitas guiadas, el Centro de Visitantes permanecer\u00e1 cerrado. Podr\u00e1n visitar la zona del patio de armas de manera libre y gratuita durante el horario de apertura del castillo.<\/p>\n<p><strong>INCLUYE<\/strong><br \/>\nEl acceso al yacimiento de la Edad del Hierro y la visita guiada por los exteriores con restos de murallas medievales, frente del castillo; paseo por las galer\u00edas subterr\u00e1neas; patio de armas y capilla.<\/p>\n<p>Esta visita NO incluye el acceso a la torre del Homenaje.<\/p>\n<p><strong>DURACI\u00d3N<\/strong><br \/>\n50-60 minutos.<\/p>\n<p><strong>\u00bfQU\u00c9 TARIFA SELECCIONAR?<\/strong><\/p>\n<ul>\n<li><strong>GENERAL<\/strong>: P\u00fablico general sin descuento.<\/li>\n<li><strong>ESPECIAL<\/strong>: <em>mayores de 65 a\u00f1os, menores de 26 a\u00f1os, desempleados, miembros de familia numerosa, personas con discapacidad moderada o grave (entre 25% y 69%). <\/em><em>Para beneficiarse de esta tarifa se deber\u00e1 presentar el justificante correspondiente a la hora de validar las entradas en el Centro de Visitantes.<\/em><\/li>\n<li><strong>REDUCIDA<\/strong>: <em>Menores de 18 a\u00f1os y menores de 26 a\u00f1os miembros de familias numerosas.<\/em>\u00a0<em>Para beneficiarse de esta tarifa se deber\u00e1 presentar el justificante correspondiente a la hora de validar las entradas en el Centro de Visitantes.<\/em><\/li>\n<li><strong>EMPADRONADO<\/strong>: Habitantes empadronados en Medina del Campo. <em>Para beneficiarse de esta tarifa se deber\u00e1 presentar el justificante correspondiente a la hora de validar las entradas en el Centro de Visitantes.<\/em><\/li>\n<li><strong>GRATUITA<\/strong>: Acceso gratuito a menores de 3 a\u00f1os y personas con discapacidad muy grave (a partir del 70%).<\/li>\n<\/ul>\n<p><strong>IMPORTANTE<\/strong><\/p>\n<p>El acceso a las galer\u00edas de tiro subterr\u00e1nea y a la capilla del castillo se realiza mediante escaleras por lo que no podr\u00e1n acceder a estas zonas con sillas de ni\u00f1os o de ruedas.<\/p>\n<p>Si desea <strong>adquirir varias entradas<\/strong> con diferentes tarifas o para varios recorridos debe ir a\u00f1adiendo y acumulando las diferentes entradas en el carrito y realizar un \u00fanico pago.<\/p>\n<p>A la hora de comprar las entradas no olviden contar a todas las personas que se incluir\u00e1n en el grupo, independientemente de la edad y\/o gratuidades.<\/p>\n<p>No est\u00e1 permitido el acceso con animales de compa\u00f1\u00eda.<\/p>\n<p>Si no hay disponibilidad de visitas guiadas, siempre tienen la opci\u00f3n de realizar la visita libre y gratuita a la zona del patio de armas del castillo.<\/p>\n<p>Tambi\u00e9n tiene a su disposici\u00f3n un servicio de audiogu\u00edas gracias al que podr\u00e1n descubrir la historia de esta fortaleza. La visita con audiogu\u00eda incluye el acceso al yacimiento de la Edad del Hierro, los exteriores del castillo y la zona del patio de armas. Disponible en el Centro de Visitantes de martes a domingo.<\/p>\n<p><strong>POL\u00cdTICA DE DEVOLUCI\u00d3N<\/strong><\/p>\n<p>Una vez efectuada la compra, no es posible la devoluci\u00f3n de las entradas, excepto en caso de cancelaci\u00f3n de la actividad, siempre y cuando no sea por fuerza mayor.<\/p>\n<p>Si llega despu\u00e9s de que la visita haya comenzado y no puede unirse, no tendr\u00e1 derecho a la devoluci\u00f3n de la entrada.<\/p>\n<p>&nbsp;<\/p>","protected":false},"excerpt":{"rendered":"<p>Informaci\u00f3n de la visita Ad\u00e9ntrate en las entra\u00f1as del castillo recorriendo sus galer\u00edas subterr\u00e1neas y descubriendo con los gu\u00edas del castillo las historias de La Mota desde sus or\u00edgenes en la prehistoria hasta los usos actuales del castillo, c\u00f3mo funcionaba y c\u00f3mo se convirti\u00f3 en uno de los mejores parques de artiller\u00eda de la Europa [&hellip;]<\/p>\n","protected":false},"author":2,"featured_media":1506,"template":"","meta":[],"product_brand":[],"product_cat":[39],"product_tag":[],"class_list":{"0":"post-1434","1":"product","2":"type-product","3":"status-publish","4":"has-post-thumbnail","6":"product_cat-entradas","8":"first","9":"instock","10":"taxable","11":"shipping-taxable","12":"purchasable","13":"product-type-variable"},"_links":{"self":[{"href":"https:\/\/www.astermagonia.com\/en\/wp-json\/wp\/v2\/product\/1434","targetHints":{"allow":["GET"]}}],"collection":[{"href":"https:\/\/www.astermagonia.com\/en\/wp-json\/wp\/v2\/product"}],"about":[{"href":"https:\/\/www.astermagonia.com\/en\/wp-json\/wp\/v2\/types\/product"}],"author":[{"embeddable":true,"href":"https:\/\/www.astermagonia.com\/en\/wp-json\/wp\/v2\/users\/2"}],"wp:featuredmedia":[{"embeddable":true,"href":"https:\/\/www.astermagonia.com\/en\/wp-json\/wp\/v2\/media\/1506"}],"wp:attachment":[{"href":"https:\/\/www.astermagonia.com\/en\/wp-json\/wp\/v2\/media?parent=1434"}],"wp:term":[{"taxonomy":"product_brand","embeddable":true,"href":"https:\/\/www.astermagonia.com\/en\/wp-json\/wp\/v2\/product_brand?post=1434"},{"taxonomy":"product_cat","embeddable":true,"href":"https:\/\/www.astermagonia.com\/en\/wp-json\/wp\/v2\/product_cat?post=1434"},{"taxonomy":"product_tag","embeddable":true,"href":"https:\/\/www.astermagonia.com\/en\/wp-json\/wp\/v2\/product_tag?post=1434"}],"curies":[{"name":"wp","href":"https:\/\/api.w.org\/{rel}","templated":true}]}}