{"id":1442,"date":"2024-12-09T20:21:31","date_gmt":"2024-12-09T19:21:31","guid":{"rendered":"https:\/\/www.astermagonia.com\/?post_type=product&#038;p=1442"},"modified":"2026-04-07T12:18:52","modified_gmt":"2026-04-07T10:18:52","slug":"visita-guiada-torre-del-homenaje","status":"publish","type":"product","link":"https:\/\/www.astermagonia.com\/en\/product\/visita-guiada-torre-del-homenaje\/","title":{"rendered":"Visita Guiada Torre del Homenaje"},"content":{"rendered":"<p><strong>IMPORTANTE: Los d\u00edas 25 y 26 de abril, 2, 3, 16 y 17 de mayo, 13 y 14 de junio algunas de las visitas a la torre del Homenaje son teatralizada, por lo que deber\u00e1n adquirir sus entradas en el apartado &#8220;<\/strong><a href=\"https:\/\/www.astermagonia.com\/en\/product\/visita-teatralizada-torre-del-homenaje\/\"><strong>Visita teatraliza Torre del Homenaje<\/strong><\/a><strong>&#8220;.<\/strong><\/p>\n<p><strong>INFORMACI\u00d3N DE LA VISITA<\/strong><br \/>\n40 metros de altura y cerca de 160 escalones te permitir\u00e1n disfrutar de las salas interiores de la torre, el Peinador de la Reina y, por supuesto, las impresionantes vistas desde el \u201cMirador del Caballero\u201d descubriendo los diferentes usos que ha tenido la fortaleza a lo largo de sus cinco siglos de historia y algunos de los personajes hist\u00f3ricos que han dejado su huella en este importante monumento.<\/p>\n<p>Estas visitas se realizan de martes a domingo y los lunes festivos.\u00a0El lunes es el d\u00eda de descanso de las visitas guiadas, el Centro de Visitantes permanecer\u00e1 cerrado. Podr\u00e1n visitar la zona del patio de armas de manera libre y gratuita durante el horario de apertura del castillo.<\/p>\n<p><strong>INCLUYE<\/strong><br \/>\nLa visita se inicia en el patio de armas del castillo y har\u00e1 un recorrido interior que incluye el Sal\u00f3n de Honor, el Peinador de la Reina, \u00faltimas plantas de la torre y el \u201cMirador del Caballero\u201d.<br \/>\nEn esta visita descubrir\u00e1s las historias de los personajes que residieron en el castillo.<\/p>\n<p>Esta visita NO incluye el acceso al resto del castillo.<\/p>\n<p><strong>DURACI\u00d3N<\/strong><br \/>\n50\u2019 aproximadamente.<\/p>\n<p><strong>\u00bfQU\u00c9 TARIFA SELECCIONAR?<\/strong><\/p>\n<ul>\n<li><strong>GENERAL<\/strong>: Adquiera sus entradas con esta tarifa si \u00fanicamente va a realizar esta modalidad de visita en el Castillo de la Mota.<\/li>\n<li><strong>CONJUNTA<\/strong> (con la visita guiada al Castillo): Seleccione esta tarifa si ya ha adquirido la entrada para realizar las visita guiada al Castillo de la Mota.<\/li>\n<li><strong>GRATUITA<\/strong>: Acceso gratuito a menores de 3 a\u00f1os y personas con discapacidad muy grave (a partir del 70%). Para beneficiarse de esta tarifa se deber\u00e1 presentar el justificante correspondiente a la hora de validar las entradas en el Centro de Visitantes.<\/li>\n<\/ul>\n<p>En el caso de las ENTRADAS CONJUNTAS, siempre y cuando haya disponibilidad, puede seleccionar horarios consecutivos para unir las dos visitas (castillo + torre) y descubrir el castillo completo.<\/p>\n<p><strong>IMPORTANTE<\/strong><\/p>\n<p>Esta visita NO est\u00e1 recomendada para personas con movilidad reducida, v\u00e9rtigo, claustrofobia, enfermedades cardiovasculares, psicol\u00f3gicas o menores de 3 a\u00f1os.<\/p>\n<p>Si desea <strong>adquirir varias entradas<\/strong> con diferentes tarifas o para varios recorridos debe ir a\u00f1adiendo y acumulando las diferentes entradas en el carrito y realizar un \u00fanico pago.<\/p>\n<p>A la hora de comprar las entradas no olviden contar a todas las personas que se incluir\u00e1n en el grupo, independientemente de la edad y\/o gratuidades.<\/p>\n<p>No est\u00e1 permitido el acceso con animales de compa\u00f1\u00eda.<\/p>\n<p>Si no hay disponibilidad de visitas guiadas, siempre tienen la opci\u00f3n de realizar la visita libre y gratuita a la zona del patio de armas del castillo.<\/p>\n<p>Tambi\u00e9n tiene a su disposici\u00f3n un servicio de audiogu\u00edas gracias al que podr\u00e1n descubrir la historia de esta fortaleza. La visita con audiogu\u00eda incluye el acceso al yacimiento de la Edad del Hierro, los exteriores del castillo y la zona del patio de armas. Disponible en el Centro de Visitantes de martes a domingo.<\/p>\n<p><strong>POL\u00cdTICA DE DEVOLUCI\u00d3N<\/strong><\/p>\n<p>Una vez efectuada la compra, no es posible la devoluci\u00f3n de las entradas, excepto en caso de cancelaci\u00f3n de la actividad, siempre y cuando no sea por fuerza mayor.<\/p>\n<p>Si llega despu\u00e9s de que la visita haya comenzado y no puede unirse, no tendr\u00e1 derecho a la devoluci\u00f3n de la entrada.<\/p>","protected":false},"excerpt":{"rendered":"<p>IMPORTANTE: Los d\u00edas 25 y 26 de abril, 2, 3, 16 y 17 de mayo, 13 y 14 de junio algunas de las visitas a la torre del Homenaje son teatralizada, por lo que deber\u00e1n adquirir sus entradas en el apartado &#8220;Visita teatraliza Torre del Homenaje&#8220;. INFORMACI\u00d3N DE LA VISITA 40 metros de altura y [&hellip;]<\/p>\n","protected":false},"author":2,"featured_media":1505,"template":"","meta":[],"product_brand":[],"product_cat":[39],"product_tag":[],"class_list":{"0":"post-1442","1":"product","2":"type-product","3":"status-publish","4":"has-post-thumbnail","6":"product_cat-entradas","8":"first","9":"instock","10":"taxable","11":"shipping-taxable","12":"purchasable","13":"product-type-variable"},"_links":{"self":[{"href":"https:\/\/www.astermagonia.com\/en\/wp-json\/wp\/v2\/product\/1442","targetHints":{"allow":["GET"]}}],"collection":[{"href":"https:\/\/www.astermagonia.com\/en\/wp-json\/wp\/v2\/product"}],"about":[{"href":"https:\/\/www.astermagonia.com\/en\/wp-json\/wp\/v2\/types\/product"}],"author":[{"embeddable":true,"href":"https:\/\/www.astermagonia.com\/en\/wp-json\/wp\/v2\/users\/2"}],"wp:featuredmedia":[{"embeddable":true,"href":"https:\/\/www.astermagonia.com\/en\/wp-json\/wp\/v2\/media\/1505"}],"wp:attachment":[{"href":"https:\/\/www.astermagonia.com\/en\/wp-json\/wp\/v2\/media?parent=1442"}],"wp:term":[{"taxonomy":"product_brand","embeddable":true,"href":"https:\/\/www.astermagonia.com\/en\/wp-json\/wp\/v2\/product_brand?post=1442"},{"taxonomy":"product_cat","embeddable":true,"href":"https:\/\/www.astermagonia.com\/en\/wp-json\/wp\/v2\/product_cat?post=1442"},{"taxonomy":"product_tag","embeddable":true,"href":"https:\/\/www.astermagonia.com\/en\/wp-json\/wp\/v2\/product_tag?post=1442"}],"curies":[{"name":"wp","href":"https:\/\/api.w.org\/{rel}","templated":true}]}}