{"id":1447,"date":"2024-12-09T20:25:43","date_gmt":"2024-12-09T19:25:43","guid":{"rendered":"https:\/\/www.astermagonia.com\/?post_type=product&#038;p=1447"},"modified":"2026-04-07T12:18:12","modified_gmt":"2026-04-07T10:18:12","slug":"visita-teatralizada-torre-del-homenaje","status":"publish","type":"product","link":"https:\/\/www.astermagonia.com\/en\/product\/visita-teatralizada-torre-del-homenaje\/","title":{"rendered":"Visita teatralizada Torre del Homenaje"},"content":{"rendered":"<p><span style=\"color: #800000;\"><em><strong>IMPORTANTE: Las siguientes fechas programadas para esta modalidad de visita son los d\u00edas 25 y 26 de abril., 2, 3, 16 y 17 de mayo, 13 y 14 de junio.<\/strong><\/em><\/span><\/p>\n<p><strong>Informaci\u00f3n de la visita<\/strong><br \/>\nCiertos fines de semana la gran torre del Castillo de la Mota cobra vida de la mano de Don Rodrigo y Do\u00f1a Beatriz en la visita teatralizada \u201cUn alto en el camino\u201d. \u00a1Busca la fecha que mejor te venga y \u00fanete a este recorrido especial!<br \/>\n\u201cUn alto en el camino\u201d<br \/>\nVisita teatralizada a la torre del Homenaje del Castillo de la Mota Medina del Campo, a\u00f1o 1522. La Villa de las Ferias se recupera del incendio que la asol\u00f3, como consecuencia de la Guerra de las Comunidades, cuyo \u00faltimo reducto acaba de ser eliminado en febrero de este a\u00f1o.<br \/>\nEstamos en \u00e9poca de Ferias. Un grupo de comerciantes \u201cextranjeros\u201d invitados por el alcaide del Castillo llegan a la fortaleza, es el lugar donde se alojar\u00e1n durante su estancia en la Villa de Medina. El Alcaide, G\u00f3mez de Haro, est\u00e1 fuera del castillo en estos momentos y gran parte del personal est\u00e1 atareado, de aqu\u00ed para all\u00e1, con el ajetreo de los d\u00edas de ferias en los que la Villa es un no parar. Rodrigo de Lerma, ayudante del administrador del castillo, junto con Beatriz Almazara, hija del administrador del castillo y dama de c\u00e1mara, se encargar\u00e1n de recibir a este grupo de invitados. A lo largo del recorrido, estos \u201cextranjeros\u201d conocer\u00e1n la historia pasada del edificio m\u00e1s importante de la Villa.<\/p>\n<p><strong>INCLUYE<\/strong><br \/>\nLa visita se inicia en el patio de armas del castillo y har\u00e1 un recorrido interior a puerta cerrada que incluye el Sal\u00f3n de Honor, el Peinador de la Reina, \u00faltimas plantas de la torre y el &#8220;Mirador del Caballero&#8221;.<\/p>\n<p>Esta visita NO incluye el acceso al resto del castillo.<\/p>\n<p><strong>DURACI\u00d3N<\/strong><br \/>\n45\u2019 aproximadamente.<\/p>\n<p><strong>\u00bfQU\u00c9 TARIFA SELECCIONAR?<\/strong><\/p>\n<ul>\n<li><strong>GENERAL<\/strong>: Adquiera sus entradas con esta tarifa si \u00fanicamente va a realizar esta modalidad de visita en el Castillo de la Mota. Tarifa 8,00\u20ac\/persona.<\/li>\n<li><strong>CONJUNTA<\/strong> (con la visita guiada al Castillo): Seleccione esta tarifa si ya ha adquirido la entrada general para realizar la visita guiada al Castillo de la Mota. La tarifa final visita guiada al castillo + teatralizada a la torre es de 11,00\u20ac\/persona.<\/li>\n<li><strong>CONJUNTA ESPECIAL<\/strong> (con la visita guiada al Castillo): Seleccione esta tarifa si ya ha adquirido la entrada especial para realizar la visita guiada al Castillo de la Mota. <em>Para beneficiarse de esta tarifa se deber\u00e1 presentar el justificante correspondiente a la hora de validar las entradas en el Centro de Visitantes. La tarifa final visita guiada al castillo + teatralizada a la torre es de 11,00\u20ac\/persona.<\/em><\/li>\n<li><strong>CONJUNTA REDUCIDA<\/strong> (con la visita guiada al Castillo): Seleccione esta tarifa si ya ha adquirido la entrada reducida para realizar la visita guiada al Castillo de la Mota. <em>Para beneficiarse de esta tarifa se deber\u00e1 presentar el justificante correspondiente a la hora de validar las entradas en el Centro de Visitantes. La tarifa final visita guiada al castillo + teatralizada a la torre es de 10,00\u20ac\/persona.<\/em><\/li>\n<li><strong>CONJUNTA EMPADRONADO<\/strong> (con la visita guiada al Castillo): Seleccione esta tarifa si ya ha adquirido la entrada para habitantes empadronados en Medina del Campo para realizar la visita guiada al Castillo de la Mota. \u00a0<em>Para beneficiarse de esta tarifa se deber\u00e1 presentar el justificante correspondiente a la hora de validar las entradas en el Centro de Visitantes. La tarifa final visita guiada al castillo + teatralizada a la torre es de 10,00\u20ac\/persona.<\/em><\/li>\n<\/ul>\n<p>&nbsp;<\/p>\n<p><strong>IMPORTANTE<\/strong><\/p>\n<p>En el caso de las ENTRADAS CONJUNTAS, siempre y cuando haya disponibilidad, puede seleccionar horarios consecutivos para unir las dos visitas (castillo + torre teatralizada) y descubrir el castillo completo.<\/p>\n<p>Esta visita NO est\u00e1 recomendada para personas con movilidad reducida, v\u00e9rtigo, claustrofobia, enfermedades cardiovasculares, psicol\u00f3gicas o menores de 3 a\u00f1os.<\/p>\n<p>Si desea <strong>adquirir varias entradas<\/strong> con diferentes tarifas o para varios recorridos debe ir a\u00f1adiendo y acumulando las diferentes entradas en el carrito y realizar un \u00fanico pago.<\/p>\n<p>A la hora de comprar las entradas no olviden contar a todas las personas que se incluir\u00e1n en el grupo, independientemente de la edad y\/o gratuidades.<\/p>\n<p>No est\u00e1 permitido el acceso con animales de compa\u00f1\u00eda.<\/p>\n<p><strong>POL\u00cdTICA DE DEVOLUCI\u00d3N<\/strong><\/p>\n<p>Una vez efectuada la compra, no es posible la devoluci\u00f3n de las entradas, excepto en caso de cancelaci\u00f3n de la actividad, siempre y cuando no sea por fuerza mayor.<\/p>\n<p>Si llega despu\u00e9s de que la visita haya comenzado y no puede unirse, no tendr\u00e1 derecho a la devoluci\u00f3n de la entrada.<\/p>\n<div data-olk-copy-source=\"CalendarCompose\"><\/div>","protected":false},"excerpt":{"rendered":"<p>IMPORTANTE: Las siguientes fechas programadas para esta modalidad de visita son los d\u00edas 25 y 26 de abril., 2, 3, 16 y 17 de mayo, 13 y 14 de junio. Informaci\u00f3n de la visita Ciertos fines de semana la gran torre del Castillo de la Mota cobra vida de la mano de Don Rodrigo y [&hellip;]<\/p>\n","protected":false},"author":2,"featured_media":1503,"template":"","meta":[],"product_brand":[],"product_cat":[39],"product_tag":[],"class_list":{"0":"post-1447","1":"product","2":"type-product","3":"status-publish","4":"has-post-thumbnail","6":"product_cat-entradas","8":"first","9":"instock","10":"taxable","11":"shipping-taxable","12":"purchasable","13":"product-type-variable"},"_links":{"self":[{"href":"https:\/\/www.astermagonia.com\/en\/wp-json\/wp\/v2\/product\/1447","targetHints":{"allow":["GET"]}}],"collection":[{"href":"https:\/\/www.astermagonia.com\/en\/wp-json\/wp\/v2\/product"}],"about":[{"href":"https:\/\/www.astermagonia.com\/en\/wp-json\/wp\/v2\/types\/product"}],"author":[{"embeddable":true,"href":"https:\/\/www.astermagonia.com\/en\/wp-json\/wp\/v2\/users\/2"}],"wp:featuredmedia":[{"embeddable":true,"href":"https:\/\/www.astermagonia.com\/en\/wp-json\/wp\/v2\/media\/1503"}],"wp:attachment":[{"href":"https:\/\/www.astermagonia.com\/en\/wp-json\/wp\/v2\/media?parent=1447"}],"wp:term":[{"taxonomy":"product_brand","embeddable":true,"href":"https:\/\/www.astermagonia.com\/en\/wp-json\/wp\/v2\/product_brand?post=1447"},{"taxonomy":"product_cat","embeddable":true,"href":"https:\/\/www.astermagonia.com\/en\/wp-json\/wp\/v2\/product_cat?post=1447"},{"taxonomy":"product_tag","embeddable":true,"href":"https:\/\/www.astermagonia.com\/en\/wp-json\/wp\/v2\/product_tag?post=1447"}],"curies":[{"name":"wp","href":"https:\/\/api.w.org\/{rel}","templated":true}]}}