{"id":1452,"date":"2024-12-09T20:30:55","date_gmt":"2024-12-09T19:30:55","guid":{"rendered":"https:\/\/www.astermagonia.com\/?post_type=product&#038;p=1452"},"modified":"2026-02-20T16:38:35","modified_gmt":"2026-02-20T15:38:35","slug":"torre_colegiata","status":"publish","type":"product","link":"https:\/\/www.astermagonia.com\/en\/product\/torre_colegiata\/","title":{"rendered":"Visita guiada a la torre de la Colegiata de San Antol\u00edn"},"content":{"rendered":"<p><strong>Informaci\u00f3n de la visita<\/strong><\/p>\n<p>Descubre la historia de la Colegiata, de su torre y de la estrecha relaci\u00f3n que mantiene con la villa de Medina a trav\u00e9s de esta visita guiada donde se recorren las 5 plantas de la torre hasta llegar al mirador desde el que disfrutar de la Villa de las Ferias a vista de p\u00e1jaro.<\/p>\n<p><strong>INCLUYE<\/strong><br \/>\nEl punto de partida de esta visita es el patio del Palacio Real Testamentario, desde donde el grupo se dirigir\u00e1 a la Colegiata de San Antol\u00edn donde se inicia el recorrido interior por las diferentes salas de la torre del templo.<\/p>\n<p><strong>DURACI\u00d3N<\/strong><br \/>\n45\u2019 aproximadamente.<\/p>\n<p><strong>\u00bfQU\u00c9 TARIFA SELECCIONAR?<\/strong><\/p>\n<ul>\n<li><strong>GENERAL<\/strong>: P\u00fablico general sin descuento.<\/li>\n<\/ul>\n<ul>\n<li><strong>EMPADRONADO<\/strong>: Habitantes empadronados en Medina del Campo.<\/li>\n<\/ul>\n<p><strong>IMPORTANTE<\/strong><\/p>\n<p>Esta <strong>visita NO est\u00e1 recomendada para personas con movilidad reducida, v\u00e9rtigo, claustrofobia, enfermedades cardiovasculares, psicol\u00f3gicas o menores de 6 a\u00f1os.<\/strong><\/p>\n<p>Si desea <strong>adquirir varias entradas<\/strong> con diferentes tarifas o para varios recorridos debe ir a\u00f1adiendo y acumulando las diferentes entradas en el carrito y realizar un \u00fanico pago.<\/p>\n<p>A la hora de comprar las entradas no olviden contar a todas las personas que se incluir\u00e1n en el grupo, independientemente de la edad y\/o gratuidades.<\/p>\n<p>No est\u00e1 permitido el acceso con animales de compa\u00f1\u00eda.<\/p>","protected":false},"excerpt":{"rendered":"<p>Para reservas contacte con nosotros.<\/p>","protected":false},"author":2,"featured_media":730,"template":"","meta":[],"product_brand":[],"product_cat":[39],"product_tag":[],"class_list":{"0":"post-1452","1":"product","2":"type-product","3":"status-publish","4":"has-post-thumbnail","6":"product_cat-entradas","8":"first","9":"instock","10":"taxable","11":"shipping-taxable","12":"purchasable","13":"product-type-variable"},"_links":{"self":[{"href":"https:\/\/www.astermagonia.com\/en\/wp-json\/wp\/v2\/product\/1452","targetHints":{"allow":["GET"]}}],"collection":[{"href":"https:\/\/www.astermagonia.com\/en\/wp-json\/wp\/v2\/product"}],"about":[{"href":"https:\/\/www.astermagonia.com\/en\/wp-json\/wp\/v2\/types\/product"}],"author":[{"embeddable":true,"href":"https:\/\/www.astermagonia.com\/en\/wp-json\/wp\/v2\/users\/2"}],"wp:featuredmedia":[{"embeddable":true,"href":"https:\/\/www.astermagonia.com\/en\/wp-json\/wp\/v2\/media\/730"}],"wp:attachment":[{"href":"https:\/\/www.astermagonia.com\/en\/wp-json\/wp\/v2\/media?parent=1452"}],"wp:term":[{"taxonomy":"product_brand","embeddable":true,"href":"https:\/\/www.astermagonia.com\/en\/wp-json\/wp\/v2\/product_brand?post=1452"},{"taxonomy":"product_cat","embeddable":true,"href":"https:\/\/www.astermagonia.com\/en\/wp-json\/wp\/v2\/product_cat?post=1452"},{"taxonomy":"product_tag","embeddable":true,"href":"https:\/\/www.astermagonia.com\/en\/wp-json\/wp\/v2\/product_tag?post=1452"}],"curies":[{"name":"wp","href":"https:\/\/api.w.org\/{rel}","templated":true}]}}