{"id":1455,"date":"2024-12-09T20:36:39","date_gmt":"2024-12-09T19:36:39","guid":{"rendered":"https:\/\/www.astermagonia.com\/?post_type=product&#038;p=1455"},"modified":"2026-04-22T17:00:47","modified_gmt":"2026-04-22T15:00:47","slug":"visita-libre-palacio-real-testamentario","status":"publish","type":"product","link":"https:\/\/www.astermagonia.com\/en\/product\/visita-libre-palacio-real-testamentario\/","title":{"rendered":"Entrada Palacio Real Testamentario"},"content":{"rendered":"<p><strong><em>\u00a1AVISO IMPORTANTE!<\/em><\/strong><\/p>\n<p><span style=\"color: #993300;\"><strong><em>En las pr\u00f3ximas semanas se va a proceder realizar unas labores de mejoras y actualizaci\u00f3n de contenidos, por lo que el Palacio Real Testamentario permanecer\u00e1 cerrado a partir del 4 de mayo y hasta nuevo aviso. Disculpen las molestias.<\/em><\/strong><\/span><\/p>\n<p><strong>Informaci\u00f3n de la visita<\/strong><br \/>\nLos restos del antiguo Palacio Real de Medina del Campo (declarado BIC en 2003), albergan en la actualidad el Centro de Interpretaci\u00f3n de la reina Isabel I de Castilla, ya que fue una de sus residencias habituales, adem\u00e1s entre sus muros dict\u00f3 su testamento y codicilio y falleci\u00f3 el 26 de noviembre de 1504.<br \/>\nVisita libre, sin gu\u00eda, de unos 45 minutos de duraci\u00f3n. No es necesario realizar reserva previa.<\/p>\n<p>Horario de apertura: de martes a s\u00e1bado de 10:30 h. a 14 h. y de 16 h. a 18 h. (hasta las 19 h. en horario de verano). Domingos, lunes y festivos de 10:30 h. a 14 h. Cerrado el 24 al 31 de diciembre, 1 y 6 de enero y 2 de septiembre. Del 1 al 8 de septiembre abierto de 10:30 h. a 14 h.<\/p>\n<p>El Palacio Real Testamentario se encuentra ubicado en la Plaza Mayor de la Hispanidad, junto al Ayuntamiento y a la Colegiata de San Antol\u00edn, a unos 15 minutos a pie del Castillo de la Mota.<\/p>\n<p><strong>\u00bfQU\u00c9 TARIFA SELECCIONAR?<\/strong><\/p>\n<ul>\n<li><strong>GENERAL<\/strong>: P\u00fablico general sin descuento.<\/li>\n<li><strong>ESPECIAL<\/strong>: <em>mayores de 65 a\u00f1os, menores de 26 a\u00f1os, desempleados, miembros de familia numerosa, personas con discapacidad moderada o grave (entre 25% y 69%). Para beneficiarse de esta tarifa se deber\u00e1 presentar el justificante correspondiente a la hora de validar las entradas en la recepci\u00f3n del palacio.<\/em><\/li>\n<li><strong>REDUCIDA<\/strong>: <em>Menores de 18 a\u00f1os y menores de 26 a\u00f1os miembros de familias numerosas.<\/em> <em>Para beneficiarse de esta tarifa se deber\u00e1 presentar el justificante correspondiente a la hora de validar las entradas en la recepci\u00f3n del palacio..<\/em><\/li>\n<li><strong>CONJUNTA<\/strong> (con la visita guiada al Castillo y\/o torre): Seleccione esta tarifa si ya ha adquirido la entrada para realizar alguna de las visitas guiadas\/teatralizadas al Castillo de la Mota.<\/li>\n<li><strong>CONJUNTA REDUCIDA<\/strong> (con la visita guiada al Castillo y\/o torre): Seleccione esta tarifa si ya ha adquirido la entrada reducida para realizar alguna de las visitas guiadas\/teatralizadas al Castillo de la Mota. <em>Para beneficiarse de esta tarifa se deber\u00e1 presentar el justificante correspondiente a la hora de validar las entradas en la recepci\u00f3n del palacio.<\/em><\/li>\n<li><strong>EMPADRONADO<\/strong>: Habitantes empadronados en Medina del Campo. P<em>ara beneficiarse de esta tarifa se deber\u00e1 presentar el justificante correspondiente a la hora de validar las entradas en la recepci\u00f3n del palacio.<\/em><\/li>\n<li><strong>GRATUITA<\/strong>: <em>Acceso gratuito a menores de 3 a\u00f1os y personas con discapacidad muy grave (a partir del 70%). Para beneficiarse de esta tarifa se deber\u00e1 presentar el justificante correspondiente a la hora de validar las entradas en la recepci\u00f3n del palacio.<\/em><\/li>\n<\/ul>\n<p><strong>IMPORTANTE<\/strong>: Si desea adquirir varias entradas con diferentes tarifas o para varios recorridos debe ir a\u00f1adiendo y acumulando las diferentes entradas en el carrito y realizar un \u00fanico pago.<\/p>\n<p><strong>POL\u00cdTICA DE DEVOLUCI\u00d3N<\/strong><\/p>\n<p>Una vez efectuada la compra, no es posible la devoluci\u00f3n de las entradas, excepto en caso de cancelaci\u00f3n de la actividad, siempre y cuando no sea por fuerza mayor.<\/p>\n<p>Si llega despu\u00e9s de que la visita haya comenzado y no puede unirse, no tendr\u00e1 derecho a la devoluci\u00f3n de la entrada.<\/p>","protected":false},"excerpt":{"rendered":"<p>\u00a1AVISO IMPORTANTE! En las pr\u00f3ximas semanas se va a proceder realizar unas labores de mejoras y actualizaci\u00f3n de contenidos, por lo que el Palacio Real Testamentario permanecer\u00e1 cerrado a partir del 4 de mayo y hasta nuevo aviso. Disculpen las molestias. Informaci\u00f3n de la visita Los restos del antiguo Palacio Real de Medina del Campo [&hellip;]<\/p>\n","protected":false},"author":2,"featured_media":1502,"template":"","meta":[],"product_brand":[],"product_cat":[39],"product_tag":[],"class_list":{"0":"post-1455","1":"product","2":"type-product","3":"status-publish","4":"has-post-thumbnail","6":"product_cat-entradas","8":"first","9":"instock","10":"taxable","11":"shipping-taxable","12":"purchasable","13":"product-type-variable"},"_links":{"self":[{"href":"https:\/\/www.astermagonia.com\/en\/wp-json\/wp\/v2\/product\/1455","targetHints":{"allow":["GET"]}}],"collection":[{"href":"https:\/\/www.astermagonia.com\/en\/wp-json\/wp\/v2\/product"}],"about":[{"href":"https:\/\/www.astermagonia.com\/en\/wp-json\/wp\/v2\/types\/product"}],"author":[{"embeddable":true,"href":"https:\/\/www.astermagonia.com\/en\/wp-json\/wp\/v2\/users\/2"}],"wp:featuredmedia":[{"embeddable":true,"href":"https:\/\/www.astermagonia.com\/en\/wp-json\/wp\/v2\/media\/1502"}],"wp:attachment":[{"href":"https:\/\/www.astermagonia.com\/en\/wp-json\/wp\/v2\/media?parent=1455"}],"wp:term":[{"taxonomy":"product_brand","embeddable":true,"href":"https:\/\/www.astermagonia.com\/en\/wp-json\/wp\/v2\/product_brand?post=1455"},{"taxonomy":"product_cat","embeddable":true,"href":"https:\/\/www.astermagonia.com\/en\/wp-json\/wp\/v2\/product_cat?post=1455"},{"taxonomy":"product_tag","embeddable":true,"href":"https:\/\/www.astermagonia.com\/en\/wp-json\/wp\/v2\/product_tag?post=1455"}],"curies":[{"name":"wp","href":"https:\/\/api.w.org\/{rel}","templated":true}]}}